{"id":2432,"date":"2023-09-26T23:16:13","date_gmt":"2023-09-27T02:16:13","guid":{"rendered":"https:\/\/inversionesfronteras.com\/?post_type=product&#038;p=2432"},"modified":"2023-09-26T23:21:24","modified_gmt":"2023-09-27T02:21:24","slug":"adidas-climawarn","status":"publish","type":"product","link":"https:\/\/inversionesfronteras.com\/index.php\/producto\/adidas-climawarn\/","title":{"rendered":"Adidas Climawarn"},"content":{"rendered":"<h6 id=\"tw-target-text\" class=\"tw-data-text tw-text-large tw-ta\" dir=\"ltr\" data-placeholder=\"Translation\"><strong><span class=\"Y2IQFc\" lang=\"es\">Climawarm proporciona aislamiento t\u00e9rmico en condiciones de clima fr\u00edo. Composici\u00f3n del material: 100% poli\u00e9ster<\/span><\/strong><\/h6>\n","protected":false},"excerpt":{"rendered":"<p>Climawarm proporciona aislamiento t\u00e9rmico en condiciones de clima fr\u00edo. Composici\u00f3n del material: 100% poli\u00e9ster<\/p>\n","protected":false},"featured_media":2439,"template":"","meta":{"_uag_custom_page_level_css":"","site-sidebar-layout":"default","site-content-layout":"","ast-site-content-layout":"default","site-content-style":"default","site-sidebar-style":"default","ast-global-header-display":"","ast-banner-title-visibility":"","ast-main-header-display":"","ast-hfb-above-header-display":"","ast-hfb-below-header-display":"","ast-hfb-mobile-header-display":"","site-post-title":"","ast-breadcrumbs-content":"","ast-featured-img":"","footer-sml-layout":"","theme-transparent-header-meta":"default","adv-header-id-meta":"","stick-header-meta":"","header-above-stick-meta":"","header-main-stick-meta":"","header-below-stick-meta":"","astra-migrate-meta-layouts":"set"},"product_cat":[62],"product_tag":[],"aioseo_notices":[],"uagb_featured_image_src":{"full":["https:\/\/inversionesfronteras.com\/wp-content\/uploads\/2023\/09\/WhatsApp-Image-2023-09-26-at-11.03.03-PM-1.jpeg",1072,1072,false],"thumbnail":["https:\/\/inversionesfronteras.com\/wp-content\/uploads\/2023\/09\/WhatsApp-Image-2023-09-26-at-11.03.03-PM-1-150x150.jpeg",150,150,true],"medium":["https:\/\/inversionesfronteras.com\/wp-content\/uploads\/2023\/09\/WhatsApp-Image-2023-09-26-at-11.03.03-PM-1-300x300.jpeg",300,300,true],"medium_large":["https:\/\/inversionesfronteras.com\/wp-content\/uploads\/2023\/09\/WhatsApp-Image-2023-09-26-at-11.03.03-PM-1-768x768.jpeg",768,768,true],"large":["https:\/\/inversionesfronteras.com\/wp-content\/uploads\/2023\/09\/WhatsApp-Image-2023-09-26-at-11.03.03-PM-1-1024x1024.jpeg",1024,1024,true],"1536x1536":["https:\/\/inversionesfronteras.com\/wp-content\/uploads\/2023\/09\/WhatsApp-Image-2023-09-26-at-11.03.03-PM-1.jpeg",1072,1072,false],"2048x2048":["https:\/\/inversionesfronteras.com\/wp-content\/uploads\/2023\/09\/WhatsApp-Image-2023-09-26-at-11.03.03-PM-1.jpeg",1072,1072,false],"woocommerce_thumbnail":["https:\/\/inversionesfronteras.com\/wp-content\/uploads\/2023\/09\/WhatsApp-Image-2023-09-26-at-11.03.03-PM-1-300x300.jpeg",300,300,true],"woocommerce_single":["https:\/\/inversionesfronteras.com\/wp-content\/uploads\/2023\/09\/WhatsApp-Image-2023-09-26-at-11.03.03-PM-1-600x600.jpeg",600,600,true],"woocommerce_gallery_thumbnail":["https:\/\/inversionesfronteras.com\/wp-content\/uploads\/2023\/09\/WhatsApp-Image-2023-09-26-at-11.03.03-PM-1-100x100.jpeg",100,100,true]},"uagb_author_info":{"display_name":"Gerencia Inversiones Fronteras","author_link":"https:\/\/inversionesfronteras.com\/index.php\/author\/"},"uagb_comment_info":0,"uagb_excerpt":"Climawarm proporciona aislamiento t\u00e9rmico en condiciones de clima fr\u00edo. Composici\u00f3n del material: 100% poli\u00e9ster","_links":{"self":[{"href":"https:\/\/inversionesfronteras.com\/index.php\/wp-json\/wp\/v2\/product\/2432"}],"collection":[{"href":"https:\/\/inversionesfronteras.com\/index.php\/wp-json\/wp\/v2\/product"}],"about":[{"href":"https:\/\/inversionesfronteras.com\/index.php\/wp-json\/wp\/v2\/types\/product"}],"wp:featuredmedia":[{"embeddable":true,"href":"https:\/\/inversionesfronteras.com\/index.php\/wp-json\/wp\/v2\/media\/2439"}],"wp:attachment":[{"href":"https:\/\/inversionesfronteras.com\/index.php\/wp-json\/wp\/v2\/media?parent=2432"}],"wp:term":[{"taxonomy":"product_cat","embeddable":true,"href":"https:\/\/inversionesfronteras.com\/index.php\/wp-json\/wp\/v2\/product_cat?post=2432"},{"taxonomy":"product_tag","embeddable":true,"href":"https:\/\/inversionesfronteras.com\/index.php\/wp-json\/wp\/v2\/product_tag?post=2432"}],"curies":[{"name":"wp","href":"https:\/\/api.w.org\/{rel}","templated":true}]}}